{"id":3032,"date":"2022-05-17T11:51:48","date_gmt":"2022-05-17T09:51:48","guid":{"rendered":"https:\/\/airitalyparamotor.it\/?post_type=product&#038;p=3032"},"modified":"2022-05-24T12:51:37","modified_gmt":"2022-05-24T10:51:37","slug":"apco-f1","status":"publish","type":"product","link":"https:\/\/airitalyparamotor.it\/en\/wings\/apco-f1\/","title":{"rendered":"APCO F1"},"content":{"rendered":"<p>The Fast One :: F1 \u2013 l\u2019apice del successo in termini di tecnologia, prestazioni e sensazioni. Uno strumento di precisione che nelle mani giuste produrr\u00e0 risultati incomparabili. I nostri obiettivi erano produrre la vela da cross country di fascia alta pi\u00f9 performante sul mercato. La sicurezza era la prima priorit\u00e0 che inquadrava tutti gli altri parametri e siamo estremamente orgogliosi del risultato finale.<\/p>\n<p>La F1 \u00e8 in una classe a parte! Una vela da cross country, pensata per le competizioni classiche \u2013 una macchina volante veloce ed efficiente, ma agile come una vela da slalom quando vuoi giocare. La combinazione di proporzioni elevate con un profilo reflex completo si traduce in prestazioni ed efficienza che sono racchiuse in un prodotto molto intuitivo e coerente che porter\u00e0 qualsiasi pilota esperto al livello successivo!<\/p>\n","protected":false},"excerpt":{"rendered":"<p>The Fast One :: F1 \u2013 l\u2019apice del successo in termini di tecnologia, prestazioni e sensazioni. Uno strumento di precisione che nelle mani giuste produrr\u00e0 risultati incomparabili. I nostri obiettivi erano produrre la vela da cross country di fascia alta pi\u00f9 performante sul mercato. La sicurezza era la prima priorit\u00e0 che inquadrava tutti gli altri [&hellip;]<\/p>\n","protected":false},"featured_media":608,"template":"","meta":[],"brands":[84],"product_cat":[43],"product_tag":[91],"class_list":{"0":"post-3032","1":"product","2":"type-product","3":"status-publish","4":"has-post-thumbnail","6":"brands-apco","7":"product_cat-vele","8":"product_tag-paramotor","10":"first","11":"instock","12":"taxable","13":"shipping-taxable","14":"purchasable","15":"product-type-simple"},"_links":{"self":[{"href":"https:\/\/airitalyparamotor.it\/en\/wp-json\/wp\/v2\/product\/3032","targetHints":{"allow":["GET"]}}],"collection":[{"href":"https:\/\/airitalyparamotor.it\/en\/wp-json\/wp\/v2\/product"}],"about":[{"href":"https:\/\/airitalyparamotor.it\/en\/wp-json\/wp\/v2\/types\/product"}],"wp:featuredmedia":[{"embeddable":true,"href":"https:\/\/airitalyparamotor.it\/en\/wp-json\/wp\/v2\/media\/608"}],"wp:attachment":[{"href":"https:\/\/airitalyparamotor.it\/en\/wp-json\/wp\/v2\/media?parent=3032"}],"wp:term":[{"taxonomy":"brands","embeddable":true,"href":"https:\/\/airitalyparamotor.it\/en\/wp-json\/wp\/v2\/brands?post=3032"},{"taxonomy":"product_cat","embeddable":true,"href":"https:\/\/airitalyparamotor.it\/en\/wp-json\/wp\/v2\/product_cat?post=3032"},{"taxonomy":"product_tag","embeddable":true,"href":"https:\/\/airitalyparamotor.it\/en\/wp-json\/wp\/v2\/product_tag?post=3032"}],"curies":[{"name":"wp","href":"https:\/\/api.w.org\/{rel}","templated":true}]}}