{"id":3364,"date":"2022-05-24T11:08:58","date_gmt":"2022-05-24T09:08:58","guid":{"rendered":"https:\/\/airitalyparamotor.it\/?post_type=product&#038;p=3364"},"modified":"2022-05-24T11:08:58","modified_gmt":"2022-05-24T09:08:58","slug":"ozone-viper-5","status":"publish","type":"product","link":"https:\/\/airitalyparamotor.it\/en\/wings\/ozone-viper-5\/","title":{"rendered":"OZONE Viper 5"},"content":{"rendered":"<p>Viper 5 \u00e8 una vela da paramotore ad alte prestazioni progettata per piloti esperti che vogliono i pi\u00f9 elevati livelli di efficienza, velocit\u00e0 e prestazioni. Presenta gli ultimi elementi di design e tecnologia presi direttamente dai nostri programmi di sviluppo per parapendio e paramotore ad alte prestazioni per creare una vela super elegante ed emozionante, ideale per il volo XC e le competizioni classiche.<\/p>\n","protected":false},"excerpt":{"rendered":"<p>Viper 5 \u00e8 una vela da paramotore ad alte prestazioni progettata per piloti esperti che vogliono i pi\u00f9 elevati livelli di efficienza, velocit\u00e0 e prestazioni. Presenta gli ultimi elementi di design e tecnologia presi direttamente dai nostri programmi di sviluppo per parapendio e paramotore ad alte prestazioni per creare una vela super elegante ed emozionante, [&hellip;]<\/p>\n","protected":false},"featured_media":3365,"template":"","meta":[],"brands":[87],"product_cat":[43],"product_tag":[],"class_list":{"0":"post-3364","1":"product","2":"type-product","3":"status-publish","4":"has-post-thumbnail","6":"brands-ozone","7":"product_cat-vele","9":"first","10":"instock","11":"taxable","12":"shipping-taxable","13":"purchasable","14":"product-type-simple"},"_links":{"self":[{"href":"https:\/\/airitalyparamotor.it\/en\/wp-json\/wp\/v2\/product\/3364","targetHints":{"allow":["GET"]}}],"collection":[{"href":"https:\/\/airitalyparamotor.it\/en\/wp-json\/wp\/v2\/product"}],"about":[{"href":"https:\/\/airitalyparamotor.it\/en\/wp-json\/wp\/v2\/types\/product"}],"wp:featuredmedia":[{"embeddable":true,"href":"https:\/\/airitalyparamotor.it\/en\/wp-json\/wp\/v2\/media\/3365"}],"wp:attachment":[{"href":"https:\/\/airitalyparamotor.it\/en\/wp-json\/wp\/v2\/media?parent=3364"}],"wp:term":[{"taxonomy":"brands","embeddable":true,"href":"https:\/\/airitalyparamotor.it\/en\/wp-json\/wp\/v2\/brands?post=3364"},{"taxonomy":"product_cat","embeddable":true,"href":"https:\/\/airitalyparamotor.it\/en\/wp-json\/wp\/v2\/product_cat?post=3364"},{"taxonomy":"product_tag","embeddable":true,"href":"https:\/\/airitalyparamotor.it\/en\/wp-json\/wp\/v2\/product_tag?post=3364"}],"curies":[{"name":"wp","href":"https:\/\/api.w.org\/{rel}","templated":true}]}}