{"id":3406,"date":"2022-05-24T13:01:54","date_gmt":"2022-05-24T11:01:54","guid":{"rendered":"https:\/\/airitalyparamotor.it\/?post_type=product&#038;p=3406"},"modified":"2022-05-27T13:20:54","modified_gmt":"2022-05-27T11:20:54","slug":"black-angel","status":"publish","type":"product","link":"https:\/\/airitalyparamotor.it\/en\/trike\/black-angel\/","title":{"rendered":"BLACK ANGEL"},"content":{"rendered":"<p>Questo trike \u00e8 il pi\u00f9 facile da montare e smontare che si trovi sul mercato. Con un solo movimento \u00e8 pronto al volo. Il posizionamento del paramotore avviene grazie ad un sistema di aggancio\/sgancio rapido.il suo peso \u00e8 di 11 kg con ruote standard, con ruote sottili il suo peso \u00e8 di 9 kg.<\/p>\n","protected":false},"excerpt":{"rendered":"<p>Questo trike \u00e8 il pi\u00f9 facile da montare e smontare che si trovi sul mercato. Con un solo movimento \u00e8 pronto al volo. Il posizionamento del paramotore avviene grazie ad un sistema di aggancio\/sgancio rapido.il suo peso \u00e8 di 11 kg con ruote standard, con ruote sottili il suo peso \u00e8 di 9 kg.<\/p>\n","protected":false},"featured_media":2998,"template":"","meta":[],"brands":[80],"product_cat":[40],"product_tag":[],"class_list":{"0":"post-3406","1":"product","2":"type-product","3":"status-publish","4":"has-post-thumbnail","6":"brands-airitaly-paramotor","7":"product_cat-trike","9":"first","10":"instock","11":"taxable","12":"shipping-taxable","13":"purchasable","14":"product-type-simple"},"_links":{"self":[{"href":"https:\/\/airitalyparamotor.it\/en\/wp-json\/wp\/v2\/product\/3406","targetHints":{"allow":["GET"]}}],"collection":[{"href":"https:\/\/airitalyparamotor.it\/en\/wp-json\/wp\/v2\/product"}],"about":[{"href":"https:\/\/airitalyparamotor.it\/en\/wp-json\/wp\/v2\/types\/product"}],"wp:featuredmedia":[{"embeddable":true,"href":"https:\/\/airitalyparamotor.it\/en\/wp-json\/wp\/v2\/media\/2998"}],"wp:attachment":[{"href":"https:\/\/airitalyparamotor.it\/en\/wp-json\/wp\/v2\/media?parent=3406"}],"wp:term":[{"taxonomy":"brands","embeddable":true,"href":"https:\/\/airitalyparamotor.it\/en\/wp-json\/wp\/v2\/brands?post=3406"},{"taxonomy":"product_cat","embeddable":true,"href":"https:\/\/airitalyparamotor.it\/en\/wp-json\/wp\/v2\/product_cat?post=3406"},{"taxonomy":"product_tag","embeddable":true,"href":"https:\/\/airitalyparamotor.it\/en\/wp-json\/wp\/v2\/product_tag?post=3406"}],"curies":[{"name":"wp","href":"https:\/\/api.w.org\/{rel}","templated":true}]}}